{"id":20,"date":"2020-01-16T16:58:24","date_gmt":"2020-01-16T16:58:24","guid":{"rendered":"https:\/\/rdelagala.com\/?page_id=20"},"modified":"2020-08-13T19:27:06","modified_gmt":"2020-08-13T19:27:06","slug":"perfil","status":"publish","type":"page","link":"https:\/\/rdelagala.com\/en\/perfil\/","title":{"rendered":"Profile"},"content":{"rendered":"<div class=\"wpb-content-wrapper\"><div data-vc-full-width=\"true\" data-vc-full-width-temp=\"true\" data-vc-full-width-init=\"false\" class=\"vc_row wpb_row vc_row-fluid vc_custom_1579548160316 vc_row-has-fill\"><div class=\"wpb_column vc_column_container vc_col-sm-12\"><div class=\"vc_column-inner\"><div class=\"wpb_wrapper\"><div id=\"ultimate-heading-240869dadaac6df12\" class=\"uvc-heading ult-adjust-bottom-margin ultimate-heading-240869dadaac6df12 uvc-3848\" data-hspacer=\"no_spacer\"  data-halign=\"left\" style=\"text-align:left\"><div class=\"uvc-heading-spacer no_spacer\" style=\"top\"><\/div><div class=\"uvc-main-heading ult-responsive\"  data-ultimate-target='.uvc-heading.ultimate-heading-240869dadaac6df12 h1'  data-responsive-json-new='{\"font-size\":\"desktop:45px;mobile_landscape:35px;\",\"line-height\":\"desktop:50px;mobile_landscape:45px;\"}' ><h1 style=\"font-weight:normal;color:#ffffff;\">LAW FIRM PROFILE<\/h1><\/div><\/div><\/div><\/div><\/div><\/div><div class=\"vc_row-full-width vc_clearfix\"><\/div><div class=\"vc_row wpb_row vc_row-fluid vc_custom_1579536791384\"><div class=\"wpb_column vc_column_container vc_col-sm-12\"><div class=\"vc_column-inner\"><div class=\"wpb_wrapper\"><div id=\"ultimate-heading-70269dadaac6e4aa\" class=\"uvc-heading ult-adjust-bottom-margin ultimate-heading-70269dadaac6e4aa uvc-579\" data-hspacer=\"no_spacer\"  data-halign=\"left\" style=\"text-align:left\"><div class=\"uvc-heading-spacer no_spacer\" style=\"top\"><\/div><div class=\"uvc-main-heading ult-responsive\"  data-ultimate-target='.uvc-heading.ultimate-heading-70269dadaac6e4aa h2'  data-responsive-json-new='{\"font-size\":\"desktop:30px;\",\"line-height\":\"desktop:40px;\"}' ><h2 style=\"font-family:&#039;Bellefair&#039;;font-weight:normal;\">R. DE LA GALA ABOGADOS &amp; ASSOCIATES IS A  LEGAL OFFICE SPECIALIZED IN AREAS OF CIVIL, CORPORATE, TRUSTEE, FINANCIAL, REAL ESTATE, ADMINISTRATIVE, FISCAL, TAX, ENVIRONMENTAL AND LITIGATION<\/h2><\/div><\/div><\/div><\/div><\/div><\/div><div class=\"vc_row wpb_row vc_row-fluid vc_row-o-content-middle vc_row-flex\"><div class=\"wpb_column vc_column_container vc_col-sm-6\"><div class=\"vc_column-inner vc_custom_1579210673443\"><div class=\"wpb_wrapper\">\n\t<div  class=\"wpb_single_image wpb_content_element vc_align_center wpb_content_element\">\n\t\t\n\t\t<figure class=\"wpb_wrapper vc_figure\">\n\t\t\t<div class=\"vc_single_image-wrapper   vc_box_border_grey\"><img loading=\"lazy\" decoding=\"async\" width=\"800\" height=\"627\" src=\"https:\/\/rdelagala.com\/wp-content\/uploads\/2020\/01\/perfil-rdelagala.jpg\" class=\"vc_single_image-img attachment-full\" alt=\"\" title=\"perfil-rdelagala\" srcset=\"https:\/\/rdelagala.com\/wp-content\/uploads\/2020\/01\/perfil-rdelagala.jpg 800w, https:\/\/rdelagala.com\/wp-content\/uploads\/2020\/01\/perfil-rdelagala-300x235.jpg 300w, https:\/\/rdelagala.com\/wp-content\/uploads\/2020\/01\/perfil-rdelagala-768x602.jpg 768w\" sizes=\"auto, (max-width: 800px) 100vw, 800px\" \/><\/div>\n\t\t<\/figure>\n\t<\/div>\n<\/div><\/div><\/div><div class=\"wpb_column vc_column_container vc_col-sm-6\"><div class=\"vc_column-inner vc_custom_1579210681941\"><div class=\"wpb_wrapper\">\n\t<div class=\"wpb_text_column wpb_content_element\" >\n\t\t<div class=\"wpb_wrapper\">\n\t\t\t<p style=\"text-align: justify;\">We are a group of legal professionals with vast experience in the legal branches in which we operate and with great recognition in the governmental, fiduciary, financial fields and in the various courts, both administrative and State and Federal Judicial Powers.<\/p>\n<p style=\"text-align: justify;\">Our activities are developed using a strict analysis of the legal problems, including all the theoretic and practical aspects. The counseling that we provide previously to execute any legal act, tend to prevent possible conflicts that unfortunately could happen in the business relations. Therefore we search the basis to avoid difficulties, taking the precaution that if it happens; we can solve them in the best way for the benefit of our clients.<\/p>\n\n\t\t<\/div>\n\t<\/div>\n<\/div><\/div><\/div><\/div><div class=\"vc_row wpb_row vc_row-fluid vc_custom_1579536137185\"><div class=\"wpb_column vc_column_container vc_col-sm-6\"><div class=\"vc_column-inner vc_custom_1579536122779\"><div class=\"wpb_wrapper\">\n\t<div class=\"wpb_text_column wpb_content_element\" >\n\t\t<div class=\"wpb_wrapper\">\n\t\t\t<p style=\"text-align: justify;\">However, since it is not enough to prevent and prepare documents that safeguard rights, as not all people are always willing to fulfill the commitments they assume, we have the ability to bring all kinds of controversy to litigation for the reasons stated above. of a civil, commercial, environmental, administrative and fiscal nature.<\/p>\n<p style=\"text-align: justify;\">Likewise, our activity is linked to a multitude of authorities in Southeast Mexico. We are experts in various matters within the field of corporate, civil, tax, tax, fiduciary, agrarian, environmental and administrative law.<\/p>\n\n\t\t<\/div>\n\t<\/div>\n<\/div><\/div><\/div><div class=\"wpb_column vc_column_container vc_col-sm-6\"><div class=\"vc_column-inner vc_custom_1579536130620\"><div class=\"wpb_wrapper\">\n\t<div class=\"wpb_text_column wpb_content_element\" >\n\t\t<div class=\"wpb_wrapper\">\n\t\t\t<p style=\"text-align: justify;\">We can provide the necessary elements so that our clients comply promptly with the legal regulations that govern their activity, thus obviating the possibilities of incurring defects that lead to being in irregular situations that entail a trial before the corresponding authorities.<\/p>\n<p style=\"text-align: justify;\">Among our specialties are the diverse ways to refute the acts of authorities that affect our client\u00b4s interests, therefore we can protect their rights in a complete and definite way.<\/p>\n\n\t\t<\/div>\n\t<\/div>\n<\/div><\/div><\/div><\/div><div data-vc-full-width=\"true\" data-vc-full-width-temp=\"true\" data-vc-full-width-init=\"false\" class=\"vc_row wpb_row vc_row-fluid vc_custom_1579545746998 vc_row-has-fill\"><div class=\"wpb_column vc_column_container vc_col-sm-12\"><div class=\"vc_column-inner\"><div class=\"wpb_wrapper\"><div class=\"vc_row wpb_row vc_inner vc_row-fluid vc_custom_1579213161146 vc_row-has-fill\"><div class=\"wpb_column vc_column_container vc_col-sm-12\"><div class=\"vc_column-inner\"><div class=\"wpb_wrapper\"><div id=\"ultimate-heading-18869dadaac6fdbb\" class=\"uvc-heading ult-adjust-bottom-margin ultimate-heading-18869dadaac6fdbb uvc-1133\" data-hspacer=\"no_spacer\"  data-halign=\"center\" style=\"text-align:center\"><div class=\"uvc-heading-spacer no_spacer\" style=\"top\"><\/div><div class=\"uvc-main-heading ult-responsive\"  data-ultimate-target='.uvc-heading.ultimate-heading-18869dadaac6fdbb h2'  data-responsive-json-new='{\"font-size\":\"desktop:36px;\",\"line-height\":\"desktop:46px;\"}' ><h2 style=\"font-family:&#039;Bellefair&#039;;font-weight:normal;color:#97694b;margin-bottom:30px;\">ONE OF THE AREAS IN WHICH OUR OFFICE HAS THE MOST EXPERIENCE AND RECOGNITION IS THAT OF THE CORPORATE, TRUSTEE AND FOREIGN INVESTMENT<\/h2><\/div><div class=\"uvc-sub-heading ult-responsive\"  data-ultimate-target='.uvc-heading.ultimate-heading-18869dadaac6fdbb .uvc-sub-heading '  data-responsive-json-new='{\"font-size\":\"desktop:16px;\",\"line-height\":\"desktop:27px;\"}'  style=\"font-family:&#039;Poppins&#039;;font-weight:normal;color:#ffffff;\">We have counseled and coordinated at least 400 investment operations in which foreigners participated both in the incorporation of a mercantile company and in the purchase of properties located on beaches as well as in their respective condominium property regimes and giving the service of verifying that the titles of the property of the real estate that they acquire are in a correct way and without any legal problem<\/div><\/div><\/div><\/div><\/div><\/div><\/div><\/div><\/div><\/div><div class=\"vc_row-full-width vc_clearfix\"><\/div><div class=\"vc_row wpb_row vc_row-fluid vc_custom_1579536594647\"><div class=\"wpb_column vc_column_container vc_col-sm-12\"><div class=\"vc_column-inner\"><div class=\"wpb_wrapper\"><p style=\"color: #97694b;text-align: center\" class=\"vc_custom_heading vc_do_custom_heading vc_custom_1579536558231\" >Born on May 9, 1964.<\/p><h2 style=\"text-align: center\" class=\"vc_custom_heading vc_do_custom_heading\" >JOAQU\u00cdN RODR\u00cdGUEZ DE LA GALA FALLER<\/h2><div class=\"vc_empty_space\"   style=\"height: 50px\"><span class=\"vc_empty_space_inner\"><\/span><\/div><\/div><\/div><\/div><\/div><div class=\"vc_row wpb_row vc_row-fluid vc_custom_1579537213656\"><div class=\"wpb_column vc_column_container vc_col-sm-12\"><div class=\"vc_column-inner\"><div class=\"wpb_wrapper\"><h3 style=\"font-size: 20px;line-height: 25px;text-align: left\" class=\"vc_custom_heading vc_do_custom_heading\" >Studies<\/h3><div class=\"vc_row wpb_row vc_inner vc_row-fluid\"><div class=\"wpb_column vc_column_container vc_col-sm-6\"><div class=\"vc_column-inner vc_custom_1579536776103\"><div class=\"wpb_wrapper\">\n\t<div class=\"wpb_text_column wpb_content_element\" >\n\t\t<div class=\"wpb_wrapper\">\n\t\t\t<p><strong>Primary, Secondary and High School<\/strong>\u00a0Primary, Secondary and High School<br \/>\n<strong>College:<\/strong>\u00a0Law Degree (Year 1984\u20131988)<br \/>\nM\u00e9rida, Yucat\u00e1n Universidad Aut\u00f3noma de Yucat\u00e1n.<br \/>\nProfessional Certificate: 1326431<\/p>\n<p><strong>Specialization:<\/strong>\u00a0Foreign Trade. Instituto Tecnol\u00f3gico de M\u00e9rida, 1992<br \/>\nFiduciary Delegate. National Banking Commission, 1993<br \/>\n<strong>Year 2003<\/strong>\u00a0<strong>:<\/strong>\u00a0Studies of the Degree in Anthropological Sciences<br \/>\n(Archeology Specialty)<br \/>\nM\u00e9rida, Yucat\u00e1n, Universidad Aut\u00f3noma de Yucat\u00e1n<br \/>\n<strong>Year 2015-2017:<\/strong>\u00a0Master in Business Law<br \/>\nM\u00e9rida, Yucat\u00e1n Universidad An\u00e1huac Mayab<br \/>\n<strong>Languages<\/strong>: Spanish, Native Language<br \/>\nEnglish: Advanced, 80% spoken and written<br \/>\nSimmons College, Boston, MA. 1983.<\/p>\n<p><strong>ADDITIONAL TRAINING \/ ACADEMIC COURSES.<\/strong><br \/>\n<strong>Bancomer Institute, 1992-1993:\u00a0<\/strong>Trust and Fiduciary Administration.<br \/>\nBancomer -ITESM, 1997<br \/>\nBasic, medium and advanced credit.<br \/>\nAs well as assistance to many courses taught within the Bancomer on the occasion of the constant updating that was required in financial, regulatory and legal matters of the Mexican financial system.<\/p>\n\n\t\t<\/div>\n\t<\/div>\n<\/div><\/div><\/div><div class=\"wpb_column vc_column_container vc_col-sm-6\"><div class=\"vc_column-inner vc_custom_1579536782736\"><div class=\"wpb_wrapper\">\n\t<div class=\"wpb_text_column wpb_content_element\" >\n\t\t<div class=\"wpb_wrapper\">\n\t\t\t<p><strong>New York University, July-August, 1999<\/strong><br \/>\nLeonard N. Stern School of Business.<br \/>\nInternational Business, BANCOMER-BANCOMEX Seminar<br \/>\n<strong>Cornell University, Juy-August, 2000<\/strong><br \/>\nCornell SC Johnson College of Business<br \/>\nBusiness Law, principles and cases. BANCOMER Seminar.<\/p>\n<p><strong>FLORIDA INTERNATIONAL UNIVERSITY<\/strong><br \/>\nLaw school.<br \/>\nSeminar<\/p>\n<p><strong>PROFESSIONAL PERFORMANCE<\/strong><br \/>\n<strong>1989-2001:<\/strong> Grupo Financiero Bancomer.<br \/>\nAdministrative Assistant Fiduciary<br \/>\nRegional Trustee Manager<br \/>\nDeputy Director of the Fiduciary, Southeast Division<br \/>\nFiduciary Delegate<br \/>\nRegional Credit Manager<br \/>\nDeputy Director of Mortgage Legal. Southeast Division<br \/>\nDeputy Director of Corporate Law. Southeast Division<\/p>\n<p><strong>2001:<\/strong>\u00a0Currently.-Office R. de la Gala y Asociados.<br \/>\nFounding partner of the R. de la Gala y Asociados Dispatch, legal consultant of various foreign companies and investors in southeastern Mexico, in relation to the creation of their trusts in a restricted area as well as in their commercial companies, to the acquisition of this ones are in terms of properties in southeastern Mexico.<\/p>\n\n\t\t<\/div>\n\t<\/div>\n<\/div><\/div><\/div><\/div><div class=\"vc_row wpb_row vc_inner vc_row-fluid vc_row-o-content-middle vc_row-flex\"><div class=\"wpb_column vc_column_container vc_col-sm-6\"><div class=\"vc_column-inner vc_custom_1579536892783\"><div class=\"wpb_wrapper\">\n\t<div  class=\"wpb_single_image wpb_content_element vc_align_center wpb_content_element\">\n\t\t\n\t\t<figure class=\"wpb_wrapper vc_figure\">\n\t\t\t<div class=\"vc_single_image-wrapper   vc_box_border_grey\"><img loading=\"lazy\" decoding=\"async\" width=\"800\" height=\"627\" src=\"https:\/\/rdelagala.com\/wp-content\/uploads\/2020\/01\/Elaboracion-de-actas-de-asambleas-rdelagala.jpg\" class=\"vc_single_image-img attachment-full\" alt=\"\" title=\"Elaboracion-de-actas-de-asambleas-rdelagala\" srcset=\"https:\/\/rdelagala.com\/wp-content\/uploads\/2020\/01\/Elaboracion-de-actas-de-asambleas-rdelagala.jpg 800w, https:\/\/rdelagala.com\/wp-content\/uploads\/2020\/01\/Elaboracion-de-actas-de-asambleas-rdelagala-300x235.jpg 300w, https:\/\/rdelagala.com\/wp-content\/uploads\/2020\/01\/Elaboracion-de-actas-de-asambleas-rdelagala-768x602.jpg 768w\" sizes=\"auto, (max-width: 800px) 100vw, 800px\" \/><\/div>\n\t\t<\/figure>\n\t<\/div>\n<\/div><\/div><\/div><div class=\"wpb_column vc_column_container vc_col-sm-6\"><div class=\"vc_column-inner vc_custom_1579536900247\"><div class=\"wpb_wrapper\">\n\t<div class=\"wpb_text_column wpb_content_element\" >\n\t\t<div class=\"wpb_wrapper\">\n\t\t\t<p style=\"text-align: justify;\">Preparation of minutes of assemblies, modifications to their share capital and capital as well as other corporate issues of the same. On the other hand, they are provided with support in matters of litigation, both fiscal, civil, criminal, fiduciary, financial and in environmental matters.<\/p>\n<p style=\"text-align: justify;\">Likewise, the service of public notary and brokerage is provided with the service of the most serious and professional notaries and brokers with the best service attitude in each of the places.<\/p>\n<p style=\"text-align: justify;\">Currently, the documentation assessment service is provided to open accounts, service and legal and legal support to financial institutions and a significant number of foreign investors who come to invest in tourism and ecotourism projects in Yucatan and Quintana Roo.<\/p>\n\n\t\t<\/div>\n\t<\/div>\n<\/div><\/div><\/div><\/div><\/div><\/div><\/div><\/div>\n<\/div>","protected":false},"excerpt":{"rendered":"PERFIL DE LA FIRMAR. DE LA GALA ABOGADOS Y ASOCIADOS ES UN BUFETE JUR\u00cdDICO ESPECIALIZADO EN \u00c1REAS DEL \u00c1MBITO CIVIL, CORPORATIVO, FIDUCIARIO, FINANCIERO, BIENES RA\u00cdCES, ADMINISTRATIVO, FISCAL, IMPUESTOS, AMBIENTAL Y DE LITIGIO. Somos un grupo de profesionales del Derecho con vasta experiencia en las ramas jur\u00eddicas en que nos desenvolvemos y con gran reconocimiento en [...]","protected":false},"author":1,"featured_media":0,"parent":0,"menu_order":0,"comment_status":"closed","ping_status":"closed","template":"","meta":{"_acf_changed":false,"footnotes":""},"class_list":["post-20","page","type-page","status-publish","hentry"],"acf":[],"aioseo_notices":[],"_links":{"self":[{"href":"https:\/\/rdelagala.com\/en\/wp-json\/wp\/v2\/pages\/20","targetHints":{"allow":["GET"]}}],"collection":[{"href":"https:\/\/rdelagala.com\/en\/wp-json\/wp\/v2\/pages"}],"about":[{"href":"https:\/\/rdelagala.com\/en\/wp-json\/wp\/v2\/types\/page"}],"author":[{"embeddable":true,"href":"https:\/\/rdelagala.com\/en\/wp-json\/wp\/v2\/users\/1"}],"replies":[{"embeddable":true,"href":"https:\/\/rdelagala.com\/en\/wp-json\/wp\/v2\/comments?post=20"}],"version-history":[{"count":42,"href":"https:\/\/rdelagala.com\/en\/wp-json\/wp\/v2\/pages\/20\/revisions"}],"predecessor-version":[{"id":493,"href":"https:\/\/rdelagala.com\/en\/wp-json\/wp\/v2\/pages\/20\/revisions\/493"}],"wp:attachment":[{"href":"https:\/\/rdelagala.com\/en\/wp-json\/wp\/v2\/media?parent=20"}],"curies":[{"name":"wp","href":"https:\/\/api.w.org\/{rel}","templated":true}]}}