{"id":18,"date":"2020-01-16T16:58:12","date_gmt":"2020-01-16T16:58:12","guid":{"rendered":"https:\/\/rdelagala.com\/?page_id=18"},"modified":"2020-08-13T03:04:48","modified_gmt":"2020-08-13T03:04:48","slug":"nosotros","status":"publish","type":"page","link":"https:\/\/rdelagala.com\/en\/nosotros\/","title":{"rendered":"About Us"},"content":{"rendered":"<div class=\"wpb-content-wrapper\"><div data-vc-full-width=\"true\" data-vc-full-width-temp=\"true\" data-vc-full-width-init=\"false\" class=\"vc_row wpb_row vc_row-fluid vc_custom_1579534870002 vc_row-has-fill\"><div class=\"wpb_column vc_column_container vc_col-sm-12\"><div class=\"vc_column-inner\"><div class=\"wpb_wrapper\"><div id=\"ultimate-heading-956769dadbe0595dc\" class=\"uvc-heading ult-adjust-bottom-margin ultimate-heading-956769dadbe0595dc uvc-533\" data-hspacer=\"no_spacer\"  data-halign=\"left\" style=\"text-align:left\"><div class=\"uvc-heading-spacer no_spacer\" style=\"top\"><\/div><div class=\"uvc-main-heading ult-responsive\"  data-ultimate-target='.uvc-heading.ultimate-heading-956769dadbe0595dc h1'  data-responsive-json-new='{\"font-size\":\"desktop:45px;mobile_landscape:35px;\",\"line-height\":\"desktop:50px;mobile_landscape:45px;\"}' ><h1 style=\"font-weight:normal;color:#ffffff;\">ABOUT US<\/h1><\/div><\/div><\/div><\/div><\/div><\/div><div class=\"vc_row-full-width vc_clearfix\"><\/div><div class=\"vc_row wpb_row vc_row-fluid vc_custom_1579211220255 vc_row-o-content-middle vc_row-flex\"><div class=\"wpb_column vc_column_container vc_col-sm-6\"><div class=\"vc_column-inner vc_custom_1579210673443\"><div class=\"wpb_wrapper\">\n\t<div  class=\"wpb_single_image wpb_content_element vc_align_center wpb_content_element\">\n\t\t\n\t\t<figure class=\"wpb_wrapper vc_figure\">\n\t\t\t<div class=\"vc_single_image-wrapper   vc_box_border_grey\"><img loading=\"lazy\" decoding=\"async\" width=\"800\" height=\"627\" src=\"https:\/\/rdelagala.com\/wp-content\/uploads\/2020\/01\/asesorialegal-rdelagala.jpg\" class=\"vc_single_image-img attachment-full\" alt=\"\" title=\"asesorialegal-rdelagala\" srcset=\"https:\/\/rdelagala.com\/wp-content\/uploads\/2020\/01\/asesorialegal-rdelagala.jpg 800w, https:\/\/rdelagala.com\/wp-content\/uploads\/2020\/01\/asesorialegal-rdelagala-300x235.jpg 300w, https:\/\/rdelagala.com\/wp-content\/uploads\/2020\/01\/asesorialegal-rdelagala-768x602.jpg 768w\" sizes=\"auto, (max-width: 800px) 100vw, 800px\" \/><\/div>\n\t\t<\/figure>\n\t<\/div>\n<\/div><\/div><\/div><div class=\"wpb_column vc_column_container vc_col-sm-6\"><div class=\"vc_column-inner vc_custom_1579210681941\"><div class=\"wpb_wrapper\"><div id=\"ultimate-heading-519069dadbe05a2d9\" class=\"uvc-heading ult-adjust-bottom-margin ultimate-heading-519069dadbe05a2d9 uvc-5865\" data-hspacer=\"no_spacer\"  data-halign=\"left\" style=\"text-align:left\"><div class=\"uvc-heading-spacer no_spacer\" style=\"top\"><\/div><div class=\"uvc-main-heading ult-responsive\"  data-ultimate-target='.uvc-heading.ultimate-heading-519069dadbe05a2d9 h2'  data-responsive-json-new='{\"font-size\":\"desktop:36px;\",\"line-height\":\"desktop:46px;\"}' ><h2 style=\"font-family:&#039;Bellefair&#039;;font-weight:normal;margin-bottom:30px;\">ABOUT R DE LA GALA &amp; ASSOCIATES<\/h2><\/div><div class=\"uvc-sub-heading ult-responsive\"  data-ultimate-target='.uvc-heading.ultimate-heading-519069dadbe05a2d9 .uvc-sub-heading '  data-responsive-json-new='{\"font-size\":\"desktop:16px;\",\"line-height\":\"desktop:27px;\"}'  style=\"font-family:&#039;Poppins&#039;;font-weight:normal;\"><\/p>\n<p style=\"text-align: justify;\">We are one of the oldest and most prestigious law firms in the city of Merida.<\/p>\n<p style=\"text-align: justify;\">From its inception to the present, for more than four generations of lawyers, the firm has specialized in representing companies that conduct business in Mexico, at each and every level of their legal matters.<\/p>\n<p style=\"text-align: justify;\">A majority of our clients are prominent foreign investors and companies, some of which stand out in both the regional and national business spheres.<\/p>\n<p><\/div><\/div><\/div><\/div><\/div><\/div><div data-vc-full-width=\"true\" data-vc-full-width-temp=\"true\" data-vc-full-width-init=\"false\" class=\"vc_row wpb_row vc_row-fluid vc_custom_1579535588800 vc_row-has-fill\"><div class=\"wpb_column vc_column_container vc_col-sm-12\"><div class=\"vc_column-inner\"><div class=\"wpb_wrapper\"><div class=\"vc_row wpb_row vc_inner vc_row-fluid vc_custom_1579213161146 vc_row-has-fill\"><div class=\"wpb_column vc_column_container vc_col-sm-12\"><div class=\"vc_column-inner\"><div class=\"wpb_wrapper\"><div id=\"ultimate-heading-783569dadbe05aa4a\" class=\"uvc-heading ult-adjust-bottom-margin ultimate-heading-783569dadbe05aa4a uvc-2296\" data-hspacer=\"no_spacer\"  data-halign=\"center\" style=\"text-align:center\"><div class=\"uvc-heading-spacer no_spacer\" style=\"top\"><\/div><div class=\"uvc-main-heading ult-responsive\"  data-ultimate-target='.uvc-heading.ultimate-heading-783569dadbe05aa4a h2'  data-responsive-json-new='{\"font-size\":\"desktop:36px;\",\"line-height\":\"desktop:46px;\"}' ><h2 style=\"font-family:&#039;Bellefair&#039;;font-weight:normal;color:#97694b;margin-bottom:30px;\">Currently the Law Firm has a professional personnel and administrative staff to comply with any of the legal requirements of our clients<\/h2><\/div><div class=\"uvc-sub-heading ult-responsive\"  data-ultimate-target='.uvc-heading.ultimate-heading-783569dadbe05aa4a .uvc-sub-heading '  data-responsive-json-new='{\"font-size\":\"desktop:16px;\",\"line-height\":\"desktop:27px;\"}'  style=\"font-family:&#039;Poppins&#039;;font-weight:normal;color:#ffffff;\">As legal consultants and advisors to solve different issues, we advise our clients, due to the problems of our time, to face their issues and needs with the purpose of growing in the business field in the Southeast of Mexico<\/div><\/div><\/div><\/div><\/div><\/div><\/div><\/div><\/div><\/div><div class=\"vc_row-full-width vc_clearfix\"><\/div>\n<\/div>","protected":false},"excerpt":{"rendered":"NOSOTROS SOBRE R DE LA GALA &amp; ASOCIADOS Somos uno de los bufetes de abogados m\u00e1s antiguos y de mayor prestigio en la Ciudad de M\u00e9rida. Desde su comienzo a la actualidad, por m\u00e1s de cuatro generaciones de abogados, el bufete se ha especializado en la representaci\u00f3n de empresas, que realizan negocios en M\u00e9xico, en [...]","protected":false},"author":1,"featured_media":0,"parent":0,"menu_order":0,"comment_status":"closed","ping_status":"closed","template":"","meta":{"_acf_changed":false,"footnotes":""},"class_list":["post-18","page","type-page","status-publish","hentry"],"acf":[],"aioseo_notices":[],"_links":{"self":[{"href":"https:\/\/rdelagala.com\/en\/wp-json\/wp\/v2\/pages\/18","targetHints":{"allow":["GET"]}}],"collection":[{"href":"https:\/\/rdelagala.com\/en\/wp-json\/wp\/v2\/pages"}],"about":[{"href":"https:\/\/rdelagala.com\/en\/wp-json\/wp\/v2\/types\/page"}],"author":[{"embeddable":true,"href":"https:\/\/rdelagala.com\/en\/wp-json\/wp\/v2\/users\/1"}],"replies":[{"embeddable":true,"href":"https:\/\/rdelagala.com\/en\/wp-json\/wp\/v2\/comments?post=18"}],"version-history":[{"count":16,"href":"https:\/\/rdelagala.com\/en\/wp-json\/wp\/v2\/pages\/18\/revisions"}],"predecessor-version":[{"id":481,"href":"https:\/\/rdelagala.com\/en\/wp-json\/wp\/v2\/pages\/18\/revisions\/481"}],"wp:attachment":[{"href":"https:\/\/rdelagala.com\/en\/wp-json\/wp\/v2\/media?parent=18"}],"curies":[{"name":"wp","href":"https:\/\/api.w.org\/{rel}","templated":true}]}}