{"id":126,"date":"2020-01-17T15:48:43","date_gmt":"2020-01-17T15:48:43","guid":{"rendered":"https:\/\/rdelagala.com\/?page_id=126"},"modified":"2020-08-13T03:25:58","modified_gmt":"2020-08-13T03:25:58","slug":"academico","status":"publish","type":"page","link":"https:\/\/rdelagala.com\/en\/academico\/","title":{"rendered":"Academic"},"content":{"rendered":"<div class=\"wpb-content-wrapper\"><div data-vc-full-width=\"true\" data-vc-full-width-temp=\"true\" data-vc-full-width-init=\"false\" class=\"vc_row wpb_row vc_row-fluid vc_custom_1597165251727 vc_row-has-fill\"><div class=\"wpb_column vc_column_container vc_col-sm-12\"><div class=\"vc_column-inner\"><div class=\"wpb_wrapper\"><div id=\"ultimate-heading-669169dadab3b138b\" class=\"uvc-heading ult-adjust-bottom-margin ultimate-heading-669169dadab3b138b uvc-4809\" data-hspacer=\"no_spacer\"  data-halign=\"left\" style=\"text-align:left\"><div class=\"uvc-heading-spacer no_spacer\" style=\"top\"><\/div><div class=\"uvc-main-heading ult-responsive\"  data-ultimate-target='.uvc-heading.ultimate-heading-669169dadab3b138b h1'  data-responsive-json-new='{\"font-size\":\"desktop:45px;mobile_landscape:35px;\",\"line-height\":\"desktop:50px;mobile_landscape:45px;\"}' ><h1 style=\"font-weight:normal;color:#ffffff;\">ACADEMIC<\/h1><\/div><\/div><\/div><\/div><\/div><\/div><div class=\"vc_row-full-width vc_clearfix\"><\/div><div class=\"vc_row wpb_row vc_row-fluid vc_custom_1579536791384\"><div class=\"wpb_column vc_column_container vc_col-sm-12\"><div class=\"vc_column-inner\"><div class=\"wpb_wrapper\"><div id=\"ultimate-heading-783669dadab3b24c0\" class=\"uvc-heading ult-adjust-bottom-margin ultimate-heading-783669dadab3b24c0 uvc-836\" data-hspacer=\"no_spacer\"  data-halign=\"left\" style=\"text-align:left\"><div class=\"uvc-heading-spacer no_spacer\" style=\"top\"><\/div><div class=\"uvc-main-heading ult-responsive\"  data-ultimate-target='.uvc-heading.ultimate-heading-783669dadab3b24c0 p'  data-responsive-json-new='{\"font-size\":\"desktop:16px;mobile_landscape:35px;\",\"line-height\":\"desktop:26px;mobile_landscape:45px;\"}' ><p style=\"font-weight:normal;color:#000000;\">I have been invited to be a college professor in one of the biggest universities with more renown in Southeast Mexico. I have been professor in different schools for the following subjects:<\/p><\/div><\/div><\/div><\/div><\/div><\/div><div class=\"vc_row wpb_row vc_row-fluid vc_row-o-content-middle vc_row-flex\"><div class=\"wpb_column vc_column_container vc_col-sm-6\"><div class=\"vc_column-inner vc_custom_1579210673443\"><div class=\"wpb_wrapper\">\n\t<div  class=\"wpb_single_image wpb_content_element vc_align_center wpb_content_element\">\n\t\t\n\t\t<figure class=\"wpb_wrapper vc_figure\">\n\t\t\t<div class=\"vc_single_image-wrapper   vc_box_border_grey\"><img loading=\"lazy\" decoding=\"async\" width=\"800\" height=\"700\" src=\"https:\/\/rdelagala.com\/wp-content\/uploads\/2020\/08\/academico2.jpg\" class=\"vc_single_image-img attachment-full\" alt=\"\" title=\"academico2\" srcset=\"https:\/\/rdelagala.com\/wp-content\/uploads\/2020\/08\/academico2.jpg 800w, https:\/\/rdelagala.com\/wp-content\/uploads\/2020\/08\/academico2-300x263.jpg 300w, https:\/\/rdelagala.com\/wp-content\/uploads\/2020\/08\/academico2-768x672.jpg 768w\" sizes=\"auto, (max-width: 800px) 100vw, 800px\" \/><\/div>\n\t\t<\/figure>\n\t<\/div>\n<\/div><\/div><\/div><div class=\"wpb_column vc_column_container vc_col-sm-6\"><div class=\"vc_column-inner vc_custom_1579210681941\"><div class=\"wpb_wrapper\">\n\t<div class=\"wpb_text_column wpb_content_element\" >\n\t\t<div class=\"wpb_wrapper\">\n\t\t\t<ul>\n<li>Commercial Contracts<\/li>\n<li>Foreign Investments<\/li>\n<li>Private International Law (in English)<\/li>\n<li>Environmental Law (in English)<\/li>\n<li>Civil Law<\/li>\n<li>Civil Contracts<\/li>\n<li>Computer Law (Systems Engineering)<\/li>\n<li>Ethics (Humanities)<\/li>\n<li>Social Anthropology (Humanities)<\/li>\n<\/ul>\n<p>In the Masters' academic program:<\/p>\n<ul>\n<li>Commercial Companies (MBA)<\/li>\n<li>Foreign Investments (Corporate Law)<\/li>\n<li>Financial Law (Corporate Law)<\/li>\n<\/ul>\n\n\t\t<\/div>\n\t<\/div>\n<\/div><\/div><\/div><\/div><div class=\"vc_row wpb_row vc_row-fluid vc_custom_1597165873841\"><div class=\"wpb_column vc_column_container vc_col-sm-12\"><div class=\"vc_column-inner\"><div class=\"wpb_wrapper\">\n\t<div class=\"wpb_text_column wpb_content_element\" >\n\t\t<div class=\"wpb_wrapper\">\n\t\t\t<p>I am certified by said university to teach online with the most modern learning tools as well as certified to teach in English.<\/p>\n<p>I have served as an advisor to students in the preparation of their theses and provided supplementary support to regularize subjects.<\/p>\n\n\t\t<\/div>\n\t<\/div>\n<\/div><\/div><\/div><\/div>\n<\/div>","protected":false},"excerpt":{"rendered":"ACAD\u00c9MICOHe sido invitado para ser profesor universitario en una de la mayor, mejor y de m\u00e1s reconocimiento universidad en el sureste de M\u00e9xico. Actualmente he sido catedr\u00e1tico en diversas facultades de las siguientes materias: Contratos Mercantiles Inversiones Extranjeras Private International Law (en ingl\u00e9s) Environmental Law (en ingl\u00e9s) Derecho Civil Contratos Civiles Derecho Inform\u00e1tico (Ingenier\u00eda en [...]","protected":false},"author":1,"featured_media":0,"parent":0,"menu_order":0,"comment_status":"closed","ping_status":"closed","template":"","meta":{"_acf_changed":false,"footnotes":""},"class_list":["post-126","page","type-page","status-publish","hentry"],"acf":[],"aioseo_notices":[],"_links":{"self":[{"href":"https:\/\/rdelagala.com\/en\/wp-json\/wp\/v2\/pages\/126","targetHints":{"allow":["GET"]}}],"collection":[{"href":"https:\/\/rdelagala.com\/en\/wp-json\/wp\/v2\/pages"}],"about":[{"href":"https:\/\/rdelagala.com\/en\/wp-json\/wp\/v2\/types\/page"}],"author":[{"embeddable":true,"href":"https:\/\/rdelagala.com\/en\/wp-json\/wp\/v2\/users\/1"}],"replies":[{"embeddable":true,"href":"https:\/\/rdelagala.com\/en\/wp-json\/wp\/v2\/comments?post=126"}],"version-history":[{"count":17,"href":"https:\/\/rdelagala.com\/en\/wp-json\/wp\/v2\/pages\/126\/revisions"}],"predecessor-version":[{"id":485,"href":"https:\/\/rdelagala.com\/en\/wp-json\/wp\/v2\/pages\/126\/revisions\/485"}],"wp:attachment":[{"href":"https:\/\/rdelagala.com\/en\/wp-json\/wp\/v2\/media?parent=126"}],"curies":[{"name":"wp","href":"https:\/\/api.w.org\/{rel}","templated":true}]}}