{"id":120,"date":"2020-01-17T15:46:15","date_gmt":"2020-01-17T15:46:15","guid":{"rendered":"https:\/\/rdelagala.com\/?page_id=120"},"modified":"2020-08-13T14:18:47","modified_gmt":"2020-08-13T14:18:47","slug":"inversion-extranjera","status":"publish","type":"page","link":"https:\/\/rdelagala.com\/en\/inversion-extranjera\/","title":{"rendered":"Foreing Investment"},"content":{"rendered":"<div class=\"wpb-content-wrapper\"><div data-vc-full-width=\"true\" data-vc-full-width-temp=\"true\" data-vc-full-width-init=\"false\" class=\"vc_row wpb_row vc_row-fluid vc_custom_1579547095602 vc_row-has-fill\"><div class=\"wpb_column vc_column_container vc_col-sm-12\"><div class=\"vc_column-inner\"><div class=\"wpb_wrapper\"><div id=\"ultimate-heading-82369dadaec6e484\" class=\"uvc-heading ult-adjust-bottom-margin ultimate-heading-82369dadaec6e484 uvc-1824\" data-hspacer=\"no_spacer\"  data-halign=\"left\" style=\"text-align:left\"><div class=\"uvc-heading-spacer no_spacer\" style=\"top\"><\/div><div class=\"uvc-main-heading ult-responsive\"  data-ultimate-target='.uvc-heading.ultimate-heading-82369dadaec6e484 h1'  data-responsive-json-new='{\"font-size\":\"desktop:45px;mobile_landscape:35px;\",\"line-height\":\"desktop:50px;mobile_landscape:45px;\"}' ><h1 style=\"font-weight:normal;color:#ffffff;\">FOREING INVESTMENT<\/h1><\/div><\/div><\/div><\/div><\/div><\/div><div class=\"vc_row-full-width vc_clearfix\"><\/div><div class=\"vc_row wpb_row vc_row-fluid vc_custom_1579547410178 vc_row-o-content-middle vc_row-flex\"><div class=\"wpb_column vc_column_container vc_col-sm-6\"><div class=\"vc_column-inner vc_custom_1579210673443\"><div class=\"wpb_wrapper\">\n\t<div  class=\"wpb_single_image wpb_content_element vc_align_center wpb_content_element\">\n\t\t\n\t\t<figure class=\"wpb_wrapper vc_figure\">\n\t\t\t<div class=\"vc_single_image-wrapper   vc_box_border_grey\"><img loading=\"lazy\" decoding=\"async\" width=\"800\" height=\"700\" src=\"https:\/\/rdelagala.com\/wp-content\/uploads\/2020\/01\/inversionista2.jpg\" class=\"vc_single_image-img attachment-full\" alt=\"\" title=\"inversionista2\" srcset=\"https:\/\/rdelagala.com\/wp-content\/uploads\/2020\/01\/inversionista2.jpg 800w, https:\/\/rdelagala.com\/wp-content\/uploads\/2020\/01\/inversionista2-300x263.jpg 300w, https:\/\/rdelagala.com\/wp-content\/uploads\/2020\/01\/inversionista2-768x672.jpg 768w\" sizes=\"auto, (max-width: 800px) 100vw, 800px\" \/><\/div>\n\t\t<\/figure>\n\t<\/div>\n<\/div><\/div><\/div><div class=\"wpb_column vc_column_container vc_col-sm-6\"><div class=\"vc_column-inner vc_custom_1579210681941\"><div class=\"wpb_wrapper\"><div id=\"ultimate-heading-296269dadaec6f1f5\" class=\"uvc-heading ult-adjust-bottom-margin ultimate-heading-296269dadaec6f1f5 uvc-2621\" data-hspacer=\"no_spacer\"  data-halign=\"left\" style=\"text-align:left\"><div class=\"uvc-heading-spacer no_spacer\" style=\"top\"><\/div><div class=\"uvc-main-heading ult-responsive\"  data-ultimate-target='.uvc-heading.ultimate-heading-296269dadaec6f1f5 h2'  data-responsive-json-new='{\"font-size\":\"desktop:36px;\",\"line-height\":\"desktop:46px;\"}' ><h2 style=\"font-family:&#039;Bellefair&#039;;font-weight:normal;margin-bottom:30px;\">Experience and knowledge<\/h2><\/div><div class=\"uvc-sub-heading ult-responsive\"  data-ultimate-target='.uvc-heading.ultimate-heading-296269dadaec6f1f5 .uvc-sub-heading '  data-responsive-json-new='{\"font-size\":\"desktop:16px;\",\"line-height\":\"desktop:27px;\"}'  style=\"font-family:&#039;Poppins&#039;;font-weight:normal;\"><\/p>\n<p style=\"text-align: justify;\">We have the experience and knowledge, having been for more than fourteen years Director and Official of the legal area of \u200b\u200bone of the largest banks nationwide (BBVA) in Southeast Mexico. Which is required to advise foreign investors in investment projects in Mexico, as well as Mexican investors in conversion projects with foreigners in the United States of America.<\/p>\n<p style=\"text-align: justify;\">The Firm considers of main importance the advising in the compliance of legal rules in the area and the representation before the corresponding authorities, including the National Commission of Foreign Investment, the General Main Office of Foreign Investment and the National Registry of Foreign Investment.<\/p>\n<p><\/div><\/div><\/div><\/div><\/div><\/div><div data-vc-full-width=\"true\" data-vc-full-width-temp=\"true\" data-vc-full-width-init=\"false\" class=\"vc_row wpb_row vc_row-fluid vc_custom_1579564208682 vc_row-has-fill\"><div class=\"wpb_column vc_column_container vc_col-sm-12\"><div class=\"vc_column-inner\"><div class=\"wpb_wrapper\"><div class=\"vc_row wpb_row vc_inner vc_row-fluid vc_custom_1579213161146 vc_row-has-fill\"><div class=\"wpb_column vc_column_container vc_col-sm-12\"><div class=\"vc_column-inner\"><div class=\"wpb_wrapper\"><div id=\"ultimate-heading-131969dadaec6f983\" class=\"uvc-heading ult-adjust-bottom-margin ultimate-heading-131969dadaec6f983 uvc-1273\" data-hspacer=\"no_spacer\"  data-halign=\"center\" style=\"text-align:center\"><div class=\"uvc-heading-spacer no_spacer\" style=\"top\"><\/div><div class=\"uvc-main-heading ult-responsive\"  data-ultimate-target='.uvc-heading.ultimate-heading-131969dadaec6f983 h2'  data-responsive-json-new='{\"font-size\":\"desktop:36px;\",\"line-height\":\"desktop:46px;\"}' ><h2 style=\"font-family:&#039;Bellefair&#039;;font-weight:normal;color:#97694b;margin-bottom:30px;\">THE AREA OF ATTENTION  COVERAGE INCLUDES ALL THE YUCATAN PENINSULA AS WELL AS THE CITY OF MEXICO, MONTERREY, GUADALAJARA AND THE EAST COAST OF THE UNITED STATES.<\/h2><\/div><div class=\"uvc-sub-heading ult-responsive\"  data-ultimate-target='.uvc-heading.ultimate-heading-131969dadaec6f983 .uvc-sub-heading '  data-responsive-json-new='{\"font-size\":\"desktop:16px;\",\"line-height\":\"desktop:27px;\"}'  style=\"font-family:&#039;Poppins&#039;;font-weight:normal;color:#ffffff;\">It includes in a special way Cancun, Merida, Playa del Carmen , Mahahual and Cozumel.<\/div><\/div><\/div><\/div><\/div><\/div><\/div><\/div><\/div><\/div><div class=\"vc_row-full-width vc_clearfix\"><\/div>\n<\/div>","protected":false},"excerpt":{"rendered":"INVERSI\u00d3N EXTRANJERA EXPERIENCIA Y CONOCIMIENTOS Contamos con la experiencia y conocimientos, por haber sido durante m\u00e1s de catorce a\u00f1os, Director y Funcionario del \u00e1rea jur\u00eddica de uno de los mayores bancos a nivel nacional (BBVA) para el Sureste de M\u00e9xico, que se requieren para el asesoramiento a inversionistas extranjeros en proyectos de inversi\u00f3n en M\u00e9xico, [...]","protected":false},"author":1,"featured_media":0,"parent":0,"menu_order":0,"comment_status":"closed","ping_status":"closed","template":"","meta":{"_acf_changed":false,"footnotes":""},"class_list":["post-120","page","type-page","status-publish","hentry"],"acf":[],"aioseo_notices":[],"_links":{"self":[{"href":"https:\/\/rdelagala.com\/en\/wp-json\/wp\/v2\/pages\/120","targetHints":{"allow":["GET"]}}],"collection":[{"href":"https:\/\/rdelagala.com\/en\/wp-json\/wp\/v2\/pages"}],"about":[{"href":"https:\/\/rdelagala.com\/en\/wp-json\/wp\/v2\/types\/page"}],"author":[{"embeddable":true,"href":"https:\/\/rdelagala.com\/en\/wp-json\/wp\/v2\/users\/1"}],"replies":[{"embeddable":true,"href":"https:\/\/rdelagala.com\/en\/wp-json\/wp\/v2\/comments?post=120"}],"version-history":[{"count":31,"href":"https:\/\/rdelagala.com\/en\/wp-json\/wp\/v2\/pages\/120\/revisions"}],"predecessor-version":[{"id":490,"href":"https:\/\/rdelagala.com\/en\/wp-json\/wp\/v2\/pages\/120\/revisions\/490"}],"wp:attachment":[{"href":"https:\/\/rdelagala.com\/en\/wp-json\/wp\/v2\/media?parent=120"}],"curies":[{"name":"wp","href":"https:\/\/api.w.org\/{rel}","templated":true}]}}