{"id":118,"date":"2020-01-17T15:45:30","date_gmt":"2020-01-17T15:45:30","guid":{"rendered":"https:\/\/rdelagala.com\/?page_id=118"},"modified":"2020-08-13T03:31:05","modified_gmt":"2020-08-13T03:31:05","slug":"asesoria-ambiental","status":"publish","type":"page","link":"https:\/\/rdelagala.com\/en\/asesoria-ambiental\/","title":{"rendered":"Environmental Advisory"},"content":{"rendered":"<div class=\"wpb-content-wrapper\"><div data-vc-full-width=\"true\" data-vc-full-width-temp=\"true\" data-vc-full-width-init=\"false\" class=\"vc_row wpb_row vc_row-fluid vc_custom_1597163385415 vc_row-has-fill\"><div class=\"wpb_column vc_column_container vc_col-sm-12\"><div class=\"vc_column-inner\"><div class=\"wpb_wrapper\"><div id=\"ultimate-heading-362069dadaed44e99\" class=\"uvc-heading ult-adjust-bottom-margin ultimate-heading-362069dadaed44e99 uvc-2240\" data-hspacer=\"no_spacer\"  data-halign=\"left\" style=\"text-align:left\"><div class=\"uvc-heading-spacer no_spacer\" style=\"top\"><\/div><div class=\"uvc-main-heading ult-responsive\"  data-ultimate-target='.uvc-heading.ultimate-heading-362069dadaed44e99 h1'  data-responsive-json-new='{\"font-size\":\"desktop:45px;mobile_landscape:35px;\",\"line-height\":\"desktop:50px;mobile_landscape:45px;\"}' ><h1 style=\"font-weight:normal;color:#ffffff;\">ENVIRONMENTAL ADVICE<\/h1><\/div><\/div><\/div><\/div><\/div><\/div><div class=\"vc_row-full-width vc_clearfix\"><\/div><div class=\"vc_row wpb_row vc_row-fluid vc_custom_1579547410178 vc_row-o-content-middle vc_row-flex\"><div class=\"wpb_column vc_column_container vc_col-sm-6\"><div class=\"vc_column-inner vc_custom_1579210673443\"><div class=\"wpb_wrapper\">\n\t<div  class=\"wpb_single_image wpb_content_element vc_align_center wpb_content_element\">\n\t\t\n\t\t<figure class=\"wpb_wrapper vc_figure\">\n\t\t\t<div class=\"vc_single_image-wrapper   vc_box_border_grey\"><img loading=\"lazy\" decoding=\"async\" width=\"800\" height=\"700\" src=\"https:\/\/rdelagala.com\/wp-content\/uploads\/2020\/08\/asesoria-ambiental.jpg\" class=\"vc_single_image-img attachment-full\" alt=\"\" title=\"asesoria-ambiental\" srcset=\"https:\/\/rdelagala.com\/wp-content\/uploads\/2020\/08\/asesoria-ambiental.jpg 800w, https:\/\/rdelagala.com\/wp-content\/uploads\/2020\/08\/asesoria-ambiental-300x263.jpg 300w, https:\/\/rdelagala.com\/wp-content\/uploads\/2020\/08\/asesoria-ambiental-768x672.jpg 768w\" sizes=\"auto, (max-width: 800px) 100vw, 800px\" \/><\/div>\n\t\t<\/figure>\n\t<\/div>\n<\/div><\/div><\/div><div class=\"wpb_column vc_column_container vc_col-sm-6\"><div class=\"vc_column-inner vc_custom_1579210681941\"><div class=\"wpb_wrapper\"><div id=\"ultimate-heading-519069dadaed45bb8\" class=\"uvc-heading ult-adjust-bottom-margin ultimate-heading-519069dadaed45bb8 uvc-3431\" data-hspacer=\"no_spacer\"  data-halign=\"left\" style=\"text-align:left\"><div class=\"uvc-heading-spacer no_spacer\" style=\"top\"><\/div><div class=\"uvc-sub-heading ult-responsive\"  data-ultimate-target='.uvc-heading.ultimate-heading-519069dadaed45bb8 .uvc-sub-heading '  data-responsive-json-new='{\"font-size\":\"desktop:16px;\",\"line-height\":\"desktop:27px;\"}'  style=\"font-family:&#039;Poppins&#039;;font-weight:normal;\"><\/p>\n<p style=\"text-align: justify;\"><span style=\"font-weight: 400;\">We provide all kinds of counseling and procedures on environmental matters, such as environmental impact studies, land use changes, forest studies, martime federal zone concessions, water concessions, etc.; necessary acquisition of any property ownership in Mexico, giving you legal certainty that your investment is correct in environmental aspects.<\/span><\/p>\n<p><\/div><\/div><\/div><\/div><\/div><\/div>\n<\/div>","protected":false},"excerpt":{"rendered":"ASESOR\u00cdA AMBIENTAL Brindamos toda clase de asesor\u00eda y tr\u00e1mites en materia ambiental, como lo son estudios de impacto ambientales, cambios de uso de suelo, estudios forestales, concesiones de zona federal mar\u00edtima, concesi\u00f3n de aguas, etc., necesarios para cualquier tipo de inversi\u00f3n o adquisici\u00f3n de propiedades en M\u00e9xico, d\u00e1ndole la certeza jur\u00eddica de que su inversi\u00f3n [...]","protected":false},"author":1,"featured_media":0,"parent":0,"menu_order":0,"comment_status":"closed","ping_status":"closed","template":"","meta":{"_acf_changed":false,"footnotes":""},"class_list":["post-118","page","type-page","status-publish","hentry"],"acf":[],"aioseo_notices":[],"_links":{"self":[{"href":"https:\/\/rdelagala.com\/en\/wp-json\/wp\/v2\/pages\/118","targetHints":{"allow":["GET"]}}],"collection":[{"href":"https:\/\/rdelagala.com\/en\/wp-json\/wp\/v2\/pages"}],"about":[{"href":"https:\/\/rdelagala.com\/en\/wp-json\/wp\/v2\/types\/page"}],"author":[{"embeddable":true,"href":"https:\/\/rdelagala.com\/en\/wp-json\/wp\/v2\/users\/1"}],"replies":[{"embeddable":true,"href":"https:\/\/rdelagala.com\/en\/wp-json\/wp\/v2\/comments?post=118"}],"version-history":[{"count":16,"href":"https:\/\/rdelagala.com\/en\/wp-json\/wp\/v2\/pages\/118\/revisions"}],"predecessor-version":[{"id":487,"href":"https:\/\/rdelagala.com\/en\/wp-json\/wp\/v2\/pages\/118\/revisions\/487"}],"wp:attachment":[{"href":"https:\/\/rdelagala.com\/en\/wp-json\/wp\/v2\/media?parent=118"}],"curies":[{"name":"wp","href":"https:\/\/api.w.org\/{rel}","templated":true}]}}