{"id":116,"date":"2020-01-17T15:45:15","date_gmt":"2020-01-17T15:45:15","guid":{"rendered":"https:\/\/rdelagala.com\/?page_id=116"},"modified":"2020-08-13T03:35:17","modified_gmt":"2020-08-13T03:35:17","slug":"inversion-fuera-de-mexico","status":"publish","type":"page","link":"https:\/\/rdelagala.com\/en\/inversion-fuera-de-mexico\/","title":{"rendered":"Investment outside of Mexico"},"content":{"rendered":"<div class=\"wpb-content-wrapper\"><div data-vc-full-width=\"true\" data-vc-full-width-temp=\"true\" data-vc-full-width-init=\"false\" class=\"vc_row wpb_row vc_row-fluid vc_custom_1579564083185 vc_row-has-fill\"><div class=\"wpb_column vc_column_container vc_col-sm-12\"><div class=\"vc_column-inner\"><div class=\"wpb_wrapper\"><div id=\"ultimate-heading-914169dada968ab04\" class=\"uvc-heading ult-adjust-bottom-margin ultimate-heading-914169dada968ab04 uvc-8435\" data-hspacer=\"no_spacer\"  data-halign=\"left\" style=\"text-align:left\"><div class=\"uvc-heading-spacer no_spacer\" style=\"top\"><\/div><div class=\"uvc-main-heading ult-responsive\"  data-ultimate-target='.uvc-heading.ultimate-heading-914169dada968ab04 h1'  data-responsive-json-new='{\"font-size\":\"desktop:45px;mobile_landscape:35px;\",\"line-height\":\"desktop:50px;mobile_landscape:45px;\"}' ><h1 style=\"font-weight:normal;color:#ffffff;\">Investment outside Mexico<\/h1><\/div><\/div><\/div><\/div><\/div><\/div><div class=\"vc_row-full-width vc_clearfix\"><\/div><div class=\"vc_row wpb_row vc_row-fluid vc_custom_1597263070062 vc_row-o-content-middle vc_row-flex\"><div class=\"wpb_column vc_column_container vc_col-sm-6\"><div class=\"vc_column-inner vc_custom_1579210673443\"><div class=\"wpb_wrapper\">\n\t<div  class=\"wpb_single_image wpb_content_element vc_align_center wpb_content_element vc_custom_1597164026264\">\n\t\t\n\t\t<figure class=\"wpb_wrapper vc_figure\">\n\t\t\t<div class=\"vc_single_image-wrapper   vc_box_border_grey\"><img loading=\"lazy\" decoding=\"async\" width=\"800\" height=\"700\" src=\"https:\/\/rdelagala.com\/wp-content\/uploads\/2020\/08\/inversionfuerademexico.jpg\" class=\"vc_single_image-img attachment-full\" alt=\"\" title=\"inversionfuerademexico\" srcset=\"https:\/\/rdelagala.com\/wp-content\/uploads\/2020\/08\/inversionfuerademexico.jpg 800w, https:\/\/rdelagala.com\/wp-content\/uploads\/2020\/08\/inversionfuerademexico-300x263.jpg 300w, https:\/\/rdelagala.com\/wp-content\/uploads\/2020\/08\/inversionfuerademexico-768x672.jpg 768w\" sizes=\"auto, (max-width: 800px) 100vw, 800px\" \/><\/div>\n\t\t<\/figure>\n\t<\/div>\n<\/div><\/div><\/div><div class=\"wpb_column vc_column_container vc_col-sm-6\"><div class=\"vc_column-inner vc_custom_1579210681941\"><div class=\"wpb_wrapper\"><div id=\"ultimate-heading-994069dada968b8d6\" class=\"uvc-heading ult-adjust-bottom-margin ultimate-heading-994069dada968b8d6 uvc-3682\" data-hspacer=\"no_spacer\"  data-halign=\"left\" style=\"text-align:left\"><div class=\"uvc-heading-spacer no_spacer\" style=\"top\"><\/div><div class=\"uvc-sub-heading ult-responsive\"  data-ultimate-target='.uvc-heading.ultimate-heading-994069dada968b8d6 .uvc-sub-heading '  data-responsive-json-new='{\"font-size\":\"desktop:16px;\",\"line-height\":\"desktop:27px;\"}'  style=\"font-family:&#039;Poppins&#039;;font-weight:normal;\"><\/p>\n<p style=\"text-align: left;\"><span style=\"font-weight: 400;\">We provide comprehensive advice for our clients who wish or plan to invest in any property outside of Mexico and Southern Florida specificly. We have an excellent team of real estate agents, insurers, bank executives, property inspection companies, accountants, lawyers with whom we ensure that the investment outside of Mexico is safe and profitable for new customers. We indicate our customers which is the \n current best market, the best location in the area and the best legal and accounting scheme so that the investment is redited from the beginning.<\/span><\/p>\n<p style=\"text-align: left;\"><span style=\"font-weight: 400;\">We also offer the property management service outside of mexico if wanted to put the property on rent to generate income from the start.<\/span><\/p>\n<p><\/div><\/div><\/div><\/div><\/div><\/div>\n<\/div>","protected":false},"excerpt":{"rendered":"INVERSI\u00d3N FUERA DE M\u00c9XICO Proporcionamos la asesor\u00eda integral para nuestros clientes que deseen o planeen invertir en adquirir alguna propiedad fuera de M\u00e9xico y en el sur de la florida en espec\u00edfico. Contamos con un excelente equipo de agentes de bienes ra\u00edces, aseguradoras, ejecutivos bancarios, compa\u00f1\u00edas de inspecci\u00f3n de propiedades, contadores y abogados con los [...]","protected":false},"author":1,"featured_media":0,"parent":0,"menu_order":0,"comment_status":"closed","ping_status":"closed","template":"","meta":{"_acf_changed":false,"footnotes":""},"class_list":["post-116","page","type-page","status-publish","hentry"],"acf":[],"aioseo_notices":[],"_links":{"self":[{"href":"https:\/\/rdelagala.com\/en\/wp-json\/wp\/v2\/pages\/116","targetHints":{"allow":["GET"]}}],"collection":[{"href":"https:\/\/rdelagala.com\/en\/wp-json\/wp\/v2\/pages"}],"about":[{"href":"https:\/\/rdelagala.com\/en\/wp-json\/wp\/v2\/types\/page"}],"author":[{"embeddable":true,"href":"https:\/\/rdelagala.com\/en\/wp-json\/wp\/v2\/users\/1"}],"replies":[{"embeddable":true,"href":"https:\/\/rdelagala.com\/en\/wp-json\/wp\/v2\/comments?post=116"}],"version-history":[{"count":12,"href":"https:\/\/rdelagala.com\/en\/wp-json\/wp\/v2\/pages\/116\/revisions"}],"predecessor-version":[{"id":488,"href":"https:\/\/rdelagala.com\/en\/wp-json\/wp\/v2\/pages\/116\/revisions\/488"}],"wp:attachment":[{"href":"https:\/\/rdelagala.com\/en\/wp-json\/wp\/v2\/media?parent=116"}],"curies":[{"name":"wp","href":"https:\/\/api.w.org\/{rel}","templated":true}]}}