{"id":114,"date":"2020-01-17T15:45:01","date_gmt":"2020-01-17T15:45:01","guid":{"rendered":"https:\/\/rdelagala.com\/?page_id=114"},"modified":"2020-08-13T02:45:07","modified_gmt":"2020-08-13T02:45:07","slug":"corporativo","status":"publish","type":"page","link":"https:\/\/rdelagala.com\/en\/corporativo\/","title":{"rendered":"Corporate"},"content":{"rendered":"<div class=\"wpb-content-wrapper\"><div data-vc-full-width=\"true\" data-vc-full-width-temp=\"true\" data-vc-full-width-init=\"false\" class=\"vc_row wpb_row vc_row-fluid vc_custom_1579561625940 vc_row-has-fill\"><div class=\"wpb_column vc_column_container vc_col-sm-12\"><div class=\"vc_column-inner\"><div class=\"wpb_wrapper\"><div id=\"ultimate-heading-729869dadab3021f5\" class=\"uvc-heading ult-adjust-bottom-margin ultimate-heading-729869dadab3021f5 uvc-2721\" data-hspacer=\"no_spacer\"  data-halign=\"left\" style=\"text-align:left\"><div class=\"uvc-heading-spacer no_spacer\" style=\"top\"><\/div><div class=\"uvc-main-heading ult-responsive\"  data-ultimate-target='.uvc-heading.ultimate-heading-729869dadab3021f5 h1'  data-responsive-json-new='{\"font-size\":\"desktop:45px;mobile_landscape:35px;\",\"line-height\":\"desktop:50px;mobile_landscape:45px;\"}' ><h1 style=\"font-weight:normal;color:#ffffff;\">CORPORATE<\/h1><\/div><\/div><\/div><\/div><\/div><\/div><div class=\"vc_row-full-width vc_clearfix\"><\/div><div class=\"vc_row wpb_row vc_row-fluid vc_custom_1579211220255 vc_row-o-content-middle vc_row-flex\"><div class=\"wpb_column vc_column_container vc_col-sm-6\"><div class=\"vc_column-inner vc_custom_1579210673443\"><div class=\"wpb_wrapper\">\n\t<div  class=\"wpb_single_image wpb_content_element vc_align_center wpb_content_element\">\n\t\t\n\t\t<figure class=\"wpb_wrapper vc_figure\">\n\t\t\t<div class=\"vc_single_image-wrapper   vc_box_border_grey\"><img loading=\"lazy\" decoding=\"async\" width=\"800\" height=\"700\" src=\"https:\/\/rdelagala.com\/wp-content\/uploads\/2020\/01\/corporativo7.jpg\" class=\"vc_single_image-img attachment-full\" alt=\"\" title=\"corporativo7\" srcset=\"https:\/\/rdelagala.com\/wp-content\/uploads\/2020\/01\/corporativo7.jpg 800w, https:\/\/rdelagala.com\/wp-content\/uploads\/2020\/01\/corporativo7-300x263.jpg 300w, https:\/\/rdelagala.com\/wp-content\/uploads\/2020\/01\/corporativo7-768x672.jpg 768w\" sizes=\"auto, (max-width: 800px) 100vw, 800px\" \/><\/div>\n\t\t<\/figure>\n\t<\/div>\n<\/div><\/div><\/div><div class=\"wpb_column vc_column_container vc_col-sm-6\"><div class=\"vc_column-inner vc_custom_1579210681941\"><div class=\"wpb_wrapper\"><div id=\"ultimate-heading-135369dadab3030e0\" class=\"uvc-heading ult-adjust-bottom-margin ultimate-heading-135369dadab3030e0 uvc-2535\" data-hspacer=\"no_spacer\"  data-halign=\"left\" style=\"text-align:left\"><div class=\"uvc-heading-spacer no_spacer\" style=\"top\"><\/div><div class=\"uvc-main-heading ult-responsive\"  data-ultimate-target='.uvc-heading.ultimate-heading-135369dadab3030e0 h2'  data-responsive-json-new='{\"font-size\":\"desktop:36px;\",\"line-height\":\"desktop:46px;\"}' ><h2 style=\"font-family:&#039;Bellefair&#039;;font-weight:normal;margin-bottom:30px;\">Counseling and planning<\/h2><\/div><div class=\"uvc-sub-heading ult-responsive\"  data-ultimate-target='.uvc-heading.ultimate-heading-135369dadab3030e0 .uvc-sub-heading '  data-responsive-json-new='{\"font-size\":\"desktop:16px;\",\"line-height\":\"desktop:27px;\"}'  style=\"font-family:&#039;Poppins&#039;;font-weight:normal;\"><\/p>\n<p style=\"text-align: justify;\">We offer the advice and planning necessary to define the corporate structure most convenient to the client, even the creation of the corporation, preparing agreements of association and bylaws, including the protection of rights of the minority and ways of control of shares, as well as corporate restructuring.<\/p>\n<p style=\"text-align: justify;\">We also are specialized in fusions, acquisitions in the Southeast of Mexico, joint investments and joint ventures.<\/p>\n<p style=\"text-align: justify;\">We execute legal auditing to corporations as well, with the purpose of regularize the corporations, restructure, acquire and others.<\/p>\n<p><\/div><\/div><\/div><\/div><\/div><\/div><div class=\"vc_row wpb_row vc_row-fluid\"><div class=\"wpb_column vc_column_container vc_col-sm-12\"><div class=\"vc_column-inner\"><div class=\"wpb_wrapper\"><h2 style=\"text-align: center\" class=\"vc_custom_heading vc_do_custom_heading\" >TO BUY A PROPERTY<\/h2><div class=\"vc_empty_space\"   style=\"height: 20px\"><span class=\"vc_empty_space_inner\"><\/span><\/div><\/div><\/div><\/div><\/div><div class=\"vc_row wpb_row vc_row-fluid\"><div class=\"wpb_column vc_column_container vc_col-sm-4\"><div class=\"vc_column-inner vc_custom_1579544623744\"><div class=\"wpb_wrapper\"><div class=\"aio-icon-component  vc_custom_1579537090305   style_1\"><div id=\"Info-box-wrap-4139\" class=\"aio-icon-box top-icon\" style=\"\"  ><div class=\"aio-icon-top\"><div class=\"ult-just-icon-wrapper\"><div class=\"align-icon\" style=\"text-align:center;\">\n<div class=\"aio-icon-img\" style=\"font-size:50px;display:inline-block;\" >\n\t<img decoding=\"async\" class=\"img-icon\" alt=\"null\" src=\"https:\/\/rdelagala.com\/wp-content\/uploads\/2020\/01\/corporativo.png\"\/>\n<\/div><\/div><\/div><\/div><div class=\"aio-icon-description ult-responsive\"  data-ultimate-target='#Info-box-wrap-4139 .aio-icon-description'  data-responsive-json-new='{\"font-size\":\"desktop:16px;\",\"line-height\":\"desktop:27px;\"}'  style=\"\">Incorporation and Constitution of the company, issue of shares or social shares and opening of corporate books.<\/div> <!-- description --><\/div> <!-- aio-icon-box --><\/div> <!-- aio-icon-component --><\/div><\/div><\/div><div class=\"wpb_column vc_column_container vc_col-sm-4\"><div class=\"vc_column-inner vc_custom_1579544629899\"><div class=\"wpb_wrapper\"><div class=\"aio-icon-component  vc_custom_1579536984687   style_1\"><div id=\"Info-box-wrap-3270\" class=\"aio-icon-box top-icon\" style=\"\"  ><div class=\"aio-icon-top\"><div class=\"ult-just-icon-wrapper\"><div class=\"align-icon\" style=\"text-align:center;\">\n<div class=\"aio-icon-img\" style=\"font-size:50px;display:inline-block;\" >\n\t<img decoding=\"async\" class=\"img-icon\" alt=\"null\" src=\"https:\/\/rdelagala.com\/wp-content\/uploads\/2020\/01\/punto2cop.png\"\/>\n<\/div><\/div><\/div><\/div><div class=\"aio-icon-description ult-responsive\"  data-ultimate-target='#Info-box-wrap-3270 .aio-icon-description'  data-responsive-json-new='{\"font-size\":\"desktop:16px;\",\"line-height\":\"desktop:27px;\"}'  style=\"\">The corresponding procedures before the National Registry of Foreign Investments.<\/div> <!-- description --><\/div> <!-- aio-icon-box --><\/div> <!-- aio-icon-component --><\/div><\/div><\/div><div class=\"wpb_column vc_column_container vc_col-sm-4\"><div class=\"vc_column-inner vc_custom_1579544637909\"><div class=\"wpb_wrapper\"><div class=\"aio-icon-component  vc_custom_1579536992605   style_1\"><div id=\"Info-box-wrap-7029\" class=\"aio-icon-box top-icon\" style=\"\"  ><div class=\"aio-icon-top\"><div class=\"ult-just-icon-wrapper\"><div class=\"align-icon\" style=\"text-align:center;\">\n<div class=\"aio-icon-img\" style=\"font-size:50px;display:inline-block;\" >\n\t<img decoding=\"async\" class=\"img-icon\" alt=\"null\" src=\"https:\/\/rdelagala.com\/wp-content\/uploads\/2020\/01\/elab2.png\"\/>\n<\/div><\/div><\/div><\/div><div class=\"aio-icon-description ult-responsive\"  data-ultimate-target='#Info-box-wrap-7029 .aio-icon-description'  data-responsive-json-new='{\"font-size\":\"desktop:16px;\",\"line-height\":\"desktop:27px;\"}'  style=\"\">Elaboration of general or special powers of attorney to be granted in Mexico or abroad.<\/div> <!-- description --><\/div> <!-- aio-icon-box --><\/div> <!-- aio-icon-component --><\/div><\/div><\/div><\/div><div class=\"vc_row wpb_row vc_row-fluid vc_custom_1579211220255 vc_row-o-content-middle vc_row-flex\"><div class=\"wpb_column vc_column_container vc_col-sm-12\"><div class=\"vc_column-inner vc_custom_1579210673443\"><div class=\"wpb_wrapper\"><p style=\"color: #97694b;text-align: left\" class=\"vc_custom_heading vc_do_custom_heading vc_custom_1579545528091\" >(ESCROW ACCOUNT)<\/p><div id=\"ultimate-heading-890369dadab304f86\" class=\"uvc-heading ult-adjust-bottom-margin ultimate-heading-890369dadab304f86 uvc-9421\" data-hspacer=\"no_spacer\"  data-halign=\"left\" style=\"text-align:left\"><div class=\"uvc-heading-spacer no_spacer\" style=\"top\"><\/div><div class=\"uvc-main-heading ult-responsive\"  data-ultimate-target='.uvc-heading.ultimate-heading-890369dadab304f86 h2'  data-responsive-json-new='{\"font-size\":\"desktop:36px;\",\"line-height\":\"desktop:46px;\"}' ><h2 style=\"font-family:&#039;Bellefair&#039;;font-weight:normal;margin-bottom:30px;\">ESCROW ACCOUNT<\/h2><\/div><div class=\"uvc-sub-heading ult-responsive\"  data-ultimate-target='.uvc-heading.ultimate-heading-890369dadab304f86 .uvc-sub-heading '  data-responsive-json-new='{\"font-size\":\"desktop:16px;\",\"line-height\":\"desktop:27px;\"}'  style=\"font-family:&#039;Poppins&#039;;font-weight:normal;\">R of Gala Abogados &amp; Associates also grants for the safety and benefit of our clients the legal service of the custody of amounts and founds by third parties (Escrow). The Escrow Service is an agreement for the administration and release of funds for a real estate transaction in installments by the general in charge of an impartial third party, in this case our Firm, who will have to disburse such funds and amounts of money in accordance with the Instructions previously agreed upon by the parties and delivered in writing to Escrow\u2019s agent.<\/p>\n<p>For a better understanding, the escrow agent will not release the money in his custody to the seller until the property is duly notarized and notarized, and the property transferred to the buyer or supplier of the funds according to all the requirements and formalities that the Law indicates.<\/div><\/div><\/div><\/div><\/div><\/div>\n<\/div>","protected":false},"excerpt":{"rendered":"CORPORATIVO ASESORAMIENTO Y PLANEACI\u00d3N Ofrecemos todo el asesoramiento y planeaci\u00f3n necesarios para definir la estructura corporativa m\u00e1s apropiada, hasta la constituci\u00f3n de la sociedad, preparando desde acuerdos de asociaci\u00f3n y estatutos, incluyendo protecci\u00f3n de derechos de minor\u00edas y medios de control accionario, as\u00ed como reestructuraciones corporativas. Nos especializamos igualmente en fusiones, adquisiciones, en el Sureste [...]","protected":false},"author":1,"featured_media":0,"parent":0,"menu_order":0,"comment_status":"closed","ping_status":"closed","template":"","meta":{"_acf_changed":false,"footnotes":""},"class_list":["post-114","page","type-page","status-publish","hentry"],"acf":[],"aioseo_notices":[],"_links":{"self":[{"href":"https:\/\/rdelagala.com\/en\/wp-json\/wp\/v2\/pages\/114","targetHints":{"allow":["GET"]}}],"collection":[{"href":"https:\/\/rdelagala.com\/en\/wp-json\/wp\/v2\/pages"}],"about":[{"href":"https:\/\/rdelagala.com\/en\/wp-json\/wp\/v2\/types\/page"}],"author":[{"embeddable":true,"href":"https:\/\/rdelagala.com\/en\/wp-json\/wp\/v2\/users\/1"}],"replies":[{"embeddable":true,"href":"https:\/\/rdelagala.com\/en\/wp-json\/wp\/v2\/comments?post=114"}],"version-history":[{"count":25,"href":"https:\/\/rdelagala.com\/en\/wp-json\/wp\/v2\/pages\/114\/revisions"}],"predecessor-version":[{"id":475,"href":"https:\/\/rdelagala.com\/en\/wp-json\/wp\/v2\/pages\/114\/revisions\/475"}],"wp:attachment":[{"href":"https:\/\/rdelagala.com\/en\/wp-json\/wp\/v2\/media?parent=114"}],"curies":[{"name":"wp","href":"https:\/\/api.w.org\/{rel}","templated":true}]}}